{"id":35,"date":"2022-04-23T13:56:28","date_gmt":"2022-04-23T13:56:28","guid":{"rendered":"https:\/\/transparenciaeneldeporte.com\/home\/"},"modified":"2025-01-08T16:03:10","modified_gmt":"2025-01-08T16:03:10","slug":"home","status":"publish","type":"page","link":"https:\/\/transparenciaeneldeporte.com\/en\/home\/","title":{"rendered":"Home"},"content":{"rendered":"<div data-elementor-type=\"wp-page\" data-elementor-id=\"35\" class=\"elementor elementor-35\">\n\t\t\t\t\t\t<section class=\"elementor-section elementor-top-section elementor-element elementor-element-7fca9703 elementor-section-boxed elementor-section-height-default elementor-section-height-default\" data-id=\"7fca9703\" data-element_type=\"section\" data-e-type=\"section\">\n\t\t\t\t\t\t<div class=\"elementor-container elementor-column-gap-default\">\n\t\t\t\t\t<div class=\"elementor-column elementor-col-100 elementor-top-column elementor-element elementor-element-71c5162e\" data-id=\"71c5162e\" data-element_type=\"column\" data-e-type=\"column\">\n\t\t\t<div class=\"elementor-widget-wrap elementor-element-populated\">\n\t\t\t\t\t\t<div class=\"elementor-element elementor-element-27f89a9 elementor-widget elementor-widget-heading\" data-id=\"27f89a9\" data-element_type=\"widget\" data-e-type=\"widget\" data-widget_type=\"heading.default\">\n\t\t\t\t<div class=\"elementor-widget-container\">\n\t\t\t\t\t<h2 class=\"elementor-heading-title elementor-size-default\">About us<\/h2>\t\t\t\t<\/div>\n\t\t\t\t<\/div>\n\t\t\t\t<div class=\"elementor-element elementor-element-1e7246f0 elementor-widget elementor-widget-text-editor\" data-id=\"1e7246f0\" data-element_type=\"widget\" data-e-type=\"widget\" data-widget_type=\"text-editor.default\">\n\t\t\t\t<div class=\"elementor-widget-container\">\n\t\t\t\t\t\t\t\t\t<p>We are a network of civil society members dedicated to strengthening management capacities in public and private sports organizations, with a special focus on integrity and transparency.<\/p><p>We are concerned about the rise of an industry around sports integrity that often lacks effectiveness and credibility. We believe it's time to change this paradigm.<\/p><h3>Our Mission<\/h3><p>TD is not a traditional organization, nor do we aim to be one. We are a self-managed platform that connects people, projects, and organizations to create positive change in sports. Our goals include:<\/p><ul><li><strong>Driving better sport policies<\/strong>: Promoting transparent, accountable, and effective governance.<\/li><li><strong>Fostering collaboration<\/strong>: Building networks between organizations, individuals, and projects to create joint solutions.<\/li><li><strong>Demanding transparency<\/strong>: Advocating for greater accountability and openness from authorities in sports management.<\/li><li><strong>Creating a bottom-up governance model<\/strong>: Prioritizing active participation from athletes and other key stakeholders.<\/li><li><strong>Making public information accessible<\/strong>: Highlighting relevant data about sports and its sectors.<\/li><li><strong>Publishing our work<\/strong>: Sharing projects and studies to inspire change.<\/li><\/ul><h3>Our Track Record<\/h3><p>We have collaborated with public and private organizations across different countries, proving that collective effort makes change possible.<\/p><p><strong>Our Network:<\/strong><br \/>Colombia | Panama | Argentina | Ecuador | Mexico | Canada | United States<\/p>\t\t\t\t\t\t\t\t<\/div>\n\t\t\t\t<\/div>\n\t\t\t\t<div class=\"elementor-element elementor-element-dcea4c5 elementor-widget elementor-widget-heading\" data-id=\"dcea4c5\" data-element_type=\"widget\" data-e-type=\"widget\" data-widget_type=\"heading.default\">\n\t\t\t\t<div class=\"elementor-widget-container\">\n\t\t\t\t\t<h2 class=\"elementor-heading-title elementor-size-default\">Projects<\/h2>\t\t\t\t<\/div>\n\t\t\t\t<\/div>\n\t\t\t\t<div class=\"elementor-element elementor-element-190e725 elementor-widget elementor-widget-text-editor\" data-id=\"190e725\" data-element_type=\"widget\" data-e-type=\"widget\" data-widget_type=\"text-editor.default\">\n\t\t\t\t<div class=\"elementor-widget-container\">\n\t\t\t\t\t\t\t\t\t<ul><li>2019. Pacto por la Buena Gobernanza y la Transparencia del Deporte Asociado.<\/li><li>2019. F\u00fatbol Transparente. Transparencia por Colombia; FanVox; Foro Nacional.<\/li><li>2019. Observatorio del Deporte Asociado. RIASPORT.<\/li><li>2019. Project Proposal Award. Korean Sports Promotion Foundation. KSPO.<\/li><li>2019. Play the Game. Good governance in Elite Sports in Colombia: Comparisons among athletes and executives. Colorado Springs.<\/li><li>2021. Activism for transparency in sport. Visions from Colombia and Panama. Bulgarian Sports Development Association.<\/li><li>2020. Gobernanza y Deporte. ACODEPA.<\/li><li>2021. Plan Estrat\u00e9gico Federaci\u00f3n Ecuatoriana de Tenis de Mesa<\/li><li>2022. Play the Game, Odense. Observatorio Ciudadano de Corrupci\u00f3n en el Deporte.<\/li><li>2022. Play the Game, Odense. Legitimidad en las Federaciones Deportivas Nacionales.<\/li><li>2022. Pol\u00edtica P\u00fablica del Deporte, la Recreaci\u00f3n, la Actividad F\u00edsica y la Educaci\u00f3n F\u00edsica.<\/li><\/ul>\t\t\t\t\t\t\t\t<\/div>\n\t\t\t\t<\/div>\n\t\t\t\t<div class=\"elementor-element elementor-element-504549c elementor-widget elementor-widget-button\" data-id=\"504549c\" data-element_type=\"widget\" data-e-type=\"widget\" data-widget_type=\"button.default\">\n\t\t\t\t<div class=\"elementor-widget-container\">\n\t\t\t\t\t\t\t\t\t<div class=\"elementor-button-wrapper\">\n\t\t\t\t\t<a class=\"elementor-button elementor-button-link elementor-size-md\" href=\"https:\/\/transparenciaeneldeporte.com\/en\/contacto\/\">\n\t\t\t\t\t\t<span class=\"elementor-button-content-wrapper\">\n\t\t\t\t\t\t\t\t\t<span class=\"elementor-button-text\">Contact<\/span>\n\t\t\t\t\t<\/span>\n\t\t\t\t\t<\/a>\n\t\t\t\t<\/div>\n\t\t\t\t\t\t\t\t<\/div>\n\t\t\t\t<\/div>\n\t\t\t\t\t<\/div>\n\t\t<\/div>\n\t\t\t\t\t<\/div>\n\t\t<\/section>\n\t\t\t\t<\/div>","protected":false},"excerpt":{"rendered":"<p>Sobre nosotros Somos una red de miembros de la sociedad civil comprometidos con fortalecer las capacidades de gesti\u00f3n en organizaciones deportivas p\u00fablicas y privadas, con un enfoque especial en la integridad y la transparencia. Nos preocupa el auge de una industria alrededor de la integridad deportiva que, a menudo, carece de efectividad y credibilidad. Creemos [&hellip;]<\/p>\n","protected":false},"author":1,"featured_media":0,"parent":0,"menu_order":0,"comment_status":"closed","ping_status":"closed","template":"","meta":{"_coblocks_attr":"","_coblocks_dimensions":"","_coblocks_responsive_height":"","_coblocks_accordion_ie_support":"","om_disable_all_campaigns":false,"_monsterinsights_skip_tracking":false,"_monsterinsights_sitenote_active":false,"_monsterinsights_sitenote_note":"","_monsterinsights_sitenote_category":0,"_uf_show_specific_survey":0,"_uf_disable_surveys":false,"footnotes":""},"class_list":["post-35","page","type-page","status-publish","hentry"],"aioseo_notices":[],"_links":{"self":[{"href":"https:\/\/transparenciaeneldeporte.com\/en\/wp-json\/wp\/v2\/pages\/35","targetHints":{"allow":["GET"]}}],"collection":[{"href":"https:\/\/transparenciaeneldeporte.com\/en\/wp-json\/wp\/v2\/pages"}],"about":[{"href":"https:\/\/transparenciaeneldeporte.com\/en\/wp-json\/wp\/v2\/types\/page"}],"author":[{"embeddable":true,"href":"https:\/\/transparenciaeneldeporte.com\/en\/wp-json\/wp\/v2\/users\/1"}],"replies":[{"embeddable":true,"href":"https:\/\/transparenciaeneldeporte.com\/en\/wp-json\/wp\/v2\/comments?post=35"}],"version-history":[{"count":78,"href":"https:\/\/transparenciaeneldeporte.com\/en\/wp-json\/wp\/v2\/pages\/35\/revisions"}],"predecessor-version":[{"id":980,"href":"https:\/\/transparenciaeneldeporte.com\/en\/wp-json\/wp\/v2\/pages\/35\/revisions\/980"}],"wp:attachment":[{"href":"https:\/\/transparenciaeneldeporte.com\/en\/wp-json\/wp\/v2\/media?parent=35"}],"curies":[{"name":"wp","href":"https:\/\/api.w.org\/{rel}","templated":true}]}}